{"id":503,"date":"2018-05-24T14:38:50","date_gmt":"2018-05-24T12:38:50","guid":{"rendered":"https:\/\/www.ehs.lu\/holzstaenderbau\/"},"modified":"2020-09-28T11:00:24","modified_gmt":"2020-09-28T09:00:24","slug":"la-construction-a-ossature-bois","status":"publish","type":"page","link":"https:\/\/www.ehs.lu\/fr\/la-construction-a-ossature-bois\/","title":{"rendered":"Construction \u00e0 ossature bois"},"content":{"rendered":"","protected":false},"excerpt":{"rendered":"","protected":false},"author":2,"featured_media":0,"parent":0,"menu_order":1,"comment_status":"closed","ping_status":"closed","template":"page-bois.php","meta":{"_acf_changed":false,"footnotes":""},"class_list":["post-503","page","type-page","status-publish","hentry"],"acf":[],"yoast_head":"<!-- This site is optimized with the Yoast SEO plugin v27.4 - https:\/\/yoast.com\/product\/yoast-seo-wordpress\/ -->\n<title>La construction \u00e0 ossature bois offre de nombreux avantages<\/title>\n<meta name=\"description\" content=\"Individuelle, con\u00e7ue et fabriqu\u00e9e selon les plus hauts standards de qualit\u00e9. D\u00e9couvrez-en plus sur les avantages et les possibilit\u00e9s d&#039;une maison en bois EHS.\" \/>\n<meta name=\"robots\" content=\"index, follow, max-snippet:-1, max-image-preview:large, max-video-preview:-1\" \/>\n<link rel=\"canonical\" href=\"https:\/\/www.ehs.lu\/fr\/la-construction-a-ossature-bois\/\" \/>\n<meta property=\"og:locale\" content=\"fr_FR\" \/>\n<meta property=\"og:type\" content=\"article\" \/>\n<meta property=\"og:title\" content=\"La construction \u00e0 ossature bois offre de nombreux avantages\" \/>\n<meta property=\"og:description\" content=\"Individuelle, con\u00e7ue et fabriqu\u00e9e selon les plus hauts standards de qualit\u00e9. D\u00e9couvrez-en plus sur les avantages et les possibilit\u00e9s d&#039;une maison en bois EHS.\" \/>\n<meta property=\"og:url\" content=\"https:\/\/www.ehs.lu\/fr\/la-construction-a-ossature-bois\/\" \/>\n<meta property=\"og:site_name\" content=\"ECO Home Systems\" \/>\n<meta property=\"article:modified_time\" content=\"2020-09-28T09:00:24+00:00\" \/>\n<meta name=\"twitter:card\" content=\"summary_large_image\" \/>\n<script type=\"application\/ld+json\" class=\"yoast-schema-graph\">{\"@context\":\"https:\\\/\\\/schema.org\",\"@graph\":[{\"@type\":\"WebPage\",\"@id\":\"https:\\\/\\\/www.ehs.lu\\\/fr\\\/la-construction-a-ossature-bois\\\/\",\"url\":\"https:\\\/\\\/www.ehs.lu\\\/fr\\\/la-construction-a-ossature-bois\\\/\",\"name\":\"La construction \u00e0 ossature bois offre de nombreux avantages\",\"isPartOf\":{\"@id\":\"https:\\\/\\\/www.ehs.lu\\\/fr\\\/#website\"},\"datePublished\":\"2018-05-24T12:38:50+00:00\",\"dateModified\":\"2020-09-28T09:00:24+00:00\",\"description\":\"Individuelle, con\u00e7ue et fabriqu\u00e9e selon les plus hauts standards de qualit\u00e9. D\u00e9couvrez-en plus sur les avantages et les possibilit\u00e9s d'une maison en bois EHS.\",\"breadcrumb\":{\"@id\":\"https:\\\/\\\/www.ehs.lu\\\/fr\\\/la-construction-a-ossature-bois\\\/#breadcrumb\"},\"inLanguage\":\"fr-FR\",\"potentialAction\":[{\"@type\":\"ReadAction\",\"target\":[\"https:\\\/\\\/www.ehs.lu\\\/fr\\\/la-construction-a-ossature-bois\\\/\"]}]},{\"@type\":\"BreadcrumbList\",\"@id\":\"https:\\\/\\\/www.ehs.lu\\\/fr\\\/la-construction-a-ossature-bois\\\/#breadcrumb\",\"itemListElement\":[{\"@type\":\"ListItem\",\"position\":1,\"name\":\"Accueil\",\"item\":\"https:\\\/\\\/www.ehs.lu\\\/fr\\\/\"},{\"@type\":\"ListItem\",\"position\":2,\"name\":\"Construction \u00e0 ossature bois\"}]},{\"@type\":\"WebSite\",\"@id\":\"https:\\\/\\\/www.ehs.lu\\\/fr\\\/#website\",\"url\":\"https:\\\/\\\/www.ehs.lu\\\/fr\\\/\",\"name\":\"ECO Home Systems\",\"description\":\"\",\"potentialAction\":[{\"@type\":\"SearchAction\",\"target\":{\"@type\":\"EntryPoint\",\"urlTemplate\":\"https:\\\/\\\/www.ehs.lu\\\/fr\\\/?s={search_term_string}\"},\"query-input\":{\"@type\":\"PropertyValueSpecification\",\"valueRequired\":true,\"valueName\":\"search_term_string\"}}],\"inLanguage\":\"fr-FR\"}]}<\/script>\n<!-- \/ Yoast SEO plugin. -->","yoast_head_json":{"title":"La construction \u00e0 ossature bois offre de nombreux avantages","description":"Individuelle, con\u00e7ue et fabriqu\u00e9e selon les plus hauts standards de qualit\u00e9. D\u00e9couvrez-en plus sur les avantages et les possibilit\u00e9s d'une maison en bois EHS.","robots":{"index":"index","follow":"follow","max-snippet":"max-snippet:-1","max-image-preview":"max-image-preview:large","max-video-preview":"max-video-preview:-1"},"canonical":"https:\/\/www.ehs.lu\/fr\/la-construction-a-ossature-bois\/","og_locale":"fr_FR","og_type":"article","og_title":"La construction \u00e0 ossature bois offre de nombreux avantages","og_description":"Individuelle, con\u00e7ue et fabriqu\u00e9e selon les plus hauts standards de qualit\u00e9. D\u00e9couvrez-en plus sur les avantages et les possibilit\u00e9s d'une maison en bois EHS.","og_url":"https:\/\/www.ehs.lu\/fr\/la-construction-a-ossature-bois\/","og_site_name":"ECO Home Systems","article_modified_time":"2020-09-28T09:00:24+00:00","twitter_card":"summary_large_image","schema":{"@context":"https:\/\/schema.org","@graph":[{"@type":"WebPage","@id":"https:\/\/www.ehs.lu\/fr\/la-construction-a-ossature-bois\/","url":"https:\/\/www.ehs.lu\/fr\/la-construction-a-ossature-bois\/","name":"La construction \u00e0 ossature bois offre de nombreux avantages","isPartOf":{"@id":"https:\/\/www.ehs.lu\/fr\/#website"},"datePublished":"2018-05-24T12:38:50+00:00","dateModified":"2020-09-28T09:00:24+00:00","description":"Individuelle, con\u00e7ue et fabriqu\u00e9e selon les plus hauts standards de qualit\u00e9. D\u00e9couvrez-en plus sur les avantages et les possibilit\u00e9s d'une maison en bois EHS.","breadcrumb":{"@id":"https:\/\/www.ehs.lu\/fr\/la-construction-a-ossature-bois\/#breadcrumb"},"inLanguage":"fr-FR","potentialAction":[{"@type":"ReadAction","target":["https:\/\/www.ehs.lu\/fr\/la-construction-a-ossature-bois\/"]}]},{"@type":"BreadcrumbList","@id":"https:\/\/www.ehs.lu\/fr\/la-construction-a-ossature-bois\/#breadcrumb","itemListElement":[{"@type":"ListItem","position":1,"name":"Accueil","item":"https:\/\/www.ehs.lu\/fr\/"},{"@type":"ListItem","position":2,"name":"Construction \u00e0 ossature bois"}]},{"@type":"WebSite","@id":"https:\/\/www.ehs.lu\/fr\/#website","url":"https:\/\/www.ehs.lu\/fr\/","name":"ECO Home Systems","description":"","potentialAction":[{"@type":"SearchAction","target":{"@type":"EntryPoint","urlTemplate":"https:\/\/www.ehs.lu\/fr\/?s={search_term_string}"},"query-input":{"@type":"PropertyValueSpecification","valueRequired":true,"valueName":"search_term_string"}}],"inLanguage":"fr-FR"}]}},"_links":{"self":[{"href":"https:\/\/www.ehs.lu\/fr\/wp-json\/wp\/v2\/pages\/503","targetHints":{"allow":["GET"]}}],"collection":[{"href":"https:\/\/www.ehs.lu\/fr\/wp-json\/wp\/v2\/pages"}],"about":[{"href":"https:\/\/www.ehs.lu\/fr\/wp-json\/wp\/v2\/types\/page"}],"author":[{"embeddable":true,"href":"https:\/\/www.ehs.lu\/fr\/wp-json\/wp\/v2\/users\/2"}],"replies":[{"embeddable":true,"href":"https:\/\/www.ehs.lu\/fr\/wp-json\/wp\/v2\/comments?post=503"}],"version-history":[{"count":0,"href":"https:\/\/www.ehs.lu\/fr\/wp-json\/wp\/v2\/pages\/503\/revisions"}],"wp:attachment":[{"href":"https:\/\/www.ehs.lu\/fr\/wp-json\/wp\/v2\/media?parent=503"}],"curies":[{"name":"wp","href":"https:\/\/api.w.org\/{rel}","templated":true}]}}